{"id":26,"date":"2026-03-20T11:52:02","date_gmt":"2026-03-20T11:52:02","guid":{"rendered":"http:\/\/evasionstudio.com\/?page_id=26"},"modified":"2026-03-30T21:58:04","modified_gmt":"2026-03-30T21:58:04","slug":"bienvenue","status":"publish","type":"page","link":"https:\/\/evasionstudio.com\/","title":{"rendered":"Bienvenue"},"content":{"rendered":"\n<hr class=\"wp-block-separator has-alpha-channel-opacity\"\/>\n\n\n\n<figure class=\"wp-block-image alignwide size-full has-custom-border\" style=\"margin-top:0;margin-right:0;margin-bottom:0;margin-left:0\"><img loading=\"lazy\" decoding=\"async\" width=\"2560\" height=\"1707\" src=\"https:\/\/evasionstudio.com\/wp-content\/uploads\/2026\/03\/A7407010-scaled.jpg\" alt=\"\" class=\"wp-image-104\" style=\"border-style:none;border-width:0px;border-top-left-radius:0px;border-top-right-radius:0px;border-bottom-left-radius:0px;border-bottom-right-radius:0px\" srcset=\"https:\/\/evasionstudio.com\/wp-content\/uploads\/2026\/03\/A7407010-scaled.jpg 2560w, https:\/\/evasionstudio.com\/wp-content\/uploads\/2026\/03\/A7407010-300x200.jpg 300w, https:\/\/evasionstudio.com\/wp-content\/uploads\/2026\/03\/A7407010-1024x683.jpg 1024w, https:\/\/evasionstudio.com\/wp-content\/uploads\/2026\/03\/A7407010-768x512.jpg 768w\" sizes=\"auto, (max-width: 2560px) 100vw, 2560px\" \/><\/figure>\n\n\n\n<figure class=\"wp-block-image aligncenter size-full\"><img loading=\"lazy\" decoding=\"async\" width=\"329\" height=\"153\" src=\"https:\/\/evasionstudio.com\/wp-content\/uploads\/2026\/03\/Unknown.jpeg\" alt=\"\" class=\"wp-image-28\" srcset=\"https:\/\/evasionstudio.com\/wp-content\/uploads\/2026\/03\/Unknown.jpeg 329w, https:\/\/evasionstudio.com\/wp-content\/uploads\/2026\/03\/Unknown-300x140.jpeg 300w\" sizes=\"auto, (max-width: 329px) 100vw, 329px\" \/><\/figure>\n\n\n\n<p>Le Site est actuellement en construction.<\/p>\n\n\n\n<p> Merci pour votre patience. <\/p>\n\n\n\n<p>En attendant &#8230; <\/p>\n\n\n\n<p>Vous pouvez jeter un oeil \u00e0 notre page Facebook et Instagram <\/p>\n\n\n\n<ul class=\"wp-block-social-links is-content-justification-center is-layout-flex wp-container-core-social-links-is-layout-a89b3969 wp-block-social-links-is-layout-flex\"><li class=\"wp-social-link wp-social-link-facebook  wp-block-social-link\"><a href=\"https:\/\/www.facebook.com\/evasionstudio974\" class=\"wp-block-social-link-anchor\"><svg width=\"24\" height=\"24\" viewBox=\"0 0 24 24\" version=\"1.1\" xmlns=\"http:\/\/www.w3.org\/2000\/svg\" aria-hidden=\"true\" focusable=\"false\"><path d=\"M12 2C6.5 2 2 6.5 2 12c0 5 3.7 9.1 8.4 9.9v-7H7.9V12h2.5V9.8c0-2.5 1.5-3.9 3.8-3.9 1.1 0 2.2.2 2.2.2v2.5h-1.3c-1.2 0-1.6.8-1.6 1.6V12h2.8l-.4 2.9h-2.3v7C18.3 21.1 22 17 22 12c0-5.5-4.5-10-10-10z\"><\/path><\/svg><span class=\"wp-block-social-link-label screen-reader-text\">Facebook<\/span><\/a><\/li>\n\n<li class=\"wp-social-link wp-social-link-instagram  wp-block-social-link\"><a href=\"https:\/\/www.instagram.com\/evasion_studio974?fbclid=IwY2xjawQqEnpleHRuA2FlbQIxMABicmlkETBGNFBaWTlQZmk0bVh3Z1Zac3J0YwZhcHBfaWQQMjIyMDM5MTc4ODIwMDg5MgABHvby6CZdc2rUd09AOd6bNT8_DXNPZNk--UH3vrW3URgKEJG9o70eloyYC_iu_aem_IfQhqmy-eWe6HEhRjaP7Vw\" class=\"wp-block-social-link-anchor\"><svg width=\"24\" height=\"24\" viewBox=\"0 0 24 24\" version=\"1.1\" xmlns=\"http:\/\/www.w3.org\/2000\/svg\" aria-hidden=\"true\" focusable=\"false\"><path d=\"M12,4.622c2.403,0,2.688,0.009,3.637,0.052c0.877,0.04,1.354,0.187,1.671,0.31c0.42,0.163,0.72,0.358,1.035,0.673 c0.315,0.315,0.51,0.615,0.673,1.035c0.123,0.317,0.27,0.794,0.31,1.671c0.043,0.949,0.052,1.234,0.052,3.637 s-0.009,2.688-0.052,3.637c-0.04,0.877-0.187,1.354-0.31,1.671c-0.163,0.42-0.358,0.72-0.673,1.035 c-0.315,0.315-0.615,0.51-1.035,0.673c-0.317,0.123-0.794,0.27-1.671,0.31c-0.949,0.043-1.233,0.052-3.637,0.052 s-2.688-0.009-3.637-0.052c-0.877-0.04-1.354-0.187-1.671-0.31c-0.42-0.163-0.72-0.358-1.035-0.673 c-0.315-0.315-0.51-0.615-0.673-1.035c-0.123-0.317-0.27-0.794-0.31-1.671C4.631,14.688,4.622,14.403,4.622,12 s0.009-2.688,0.052-3.637c0.04-0.877,0.187-1.354,0.31-1.671c0.163-0.42,0.358-0.72,0.673-1.035 c0.315-0.315,0.615-0.51,1.035-0.673c0.317-0.123,0.794-0.27,1.671-0.31C9.312,4.631,9.597,4.622,12,4.622 M12,3 C9.556,3,9.249,3.01,8.289,3.054C7.331,3.098,6.677,3.25,6.105,3.472C5.513,3.702,5.011,4.01,4.511,4.511 c-0.5,0.5-0.808,1.002-1.038,1.594C3.25,6.677,3.098,7.331,3.054,8.289C3.01,9.249,3,9.556,3,12c0,2.444,0.01,2.751,0.054,3.711 c0.044,0.958,0.196,1.612,0.418,2.185c0.23,0.592,0.538,1.094,1.038,1.594c0.5,0.5,1.002,0.808,1.594,1.038 c0.572,0.222,1.227,0.375,2.185,0.418C9.249,20.99,9.556,21,12,21s2.751-0.01,3.711-0.054c0.958-0.044,1.612-0.196,2.185-0.418 c0.592-0.23,1.094-0.538,1.594-1.038c0.5-0.5,0.808-1.002,1.038-1.594c0.222-0.572,0.375-1.227,0.418-2.185 C20.99,14.751,21,14.444,21,12s-0.01-2.751-0.054-3.711c-0.044-0.958-0.196-1.612-0.418-2.185c-0.23-0.592-0.538-1.094-1.038-1.594 c-0.5-0.5-1.002-0.808-1.594-1.038c-0.572-0.222-1.227-0.375-2.185-0.418C14.751,3.01,14.444,3,12,3L12,3z M12,7.378 c-2.552,0-4.622,2.069-4.622,4.622S9.448,16.622,12,16.622s4.622-2.069,4.622-4.622S14.552,7.378,12,7.378z M12,15 c-1.657,0-3-1.343-3-3s1.343-3,3-3s3,1.343,3,3S13.657,15,12,15z M16.804,6.116c-0.596,0-1.08,0.484-1.08,1.08 s0.484,1.08,1.08,1.08c0.596,0,1.08-0.484,1.08-1.08S17.401,6.116,16.804,6.116z\"><\/path><\/svg><span class=\"wp-block-social-link-label screen-reader-text\">Instagram<\/span><\/a><\/li><\/ul>\n\n\n\n<p>Pour r\u00e9server cliquez sur le lien suivant : <\/p>\n\n\n\n<div class=\"wp-block-buttons is-content-justification-center is-layout-flex wp-container-core-buttons-is-layout-a89b3969 wp-block-buttons-is-layout-flex\" id=\"https:\/\/viviarto.com\/organisateurs-ateliers-cours-artistiques\/pole-dance-studio\/planning?archive-id=0&amp;utm_source=ig&amp;utm_medium=social&amp;utm_content=link_in_bio&amp;fbclid=PAZXh0bgNhZW0CMTEAc3J0YwZhcHBfaWQMMjU2MjgxMDQwNTU4AAGnP6AJN5o7H0gcsDuddK57CP_TXyp1YylRrxM4Zn7ccjxujW-sA-TDczYGy3E_aem_qEhIBIYt_5YzrdjTZhL66g\">\n<div class=\"wp-block-button\" id=\"https:\/\/viviarto.com\/organisateurs-ateliers-cours-artistiques\/pole-dance-studio\"><a class=\"wp-block-button__link wp-element-button\" href=\"https:\/\/viviarto.com\/organisateurs-ateliers-cours-artistiques\/pole-dance-studio\">R\u00e9servation<\/a><\/div>\n<\/div>\n\n\n\n<p>Vous pouvez nous contacter par mail evasion.studio974@gmail.com ou par t\u00e9l\u00e9phone au 0693538804<\/p>\n\n\n\n<pre class=\"wp-block-verse\"><\/pre>\n\n\n\n<p><\/p>\n","protected":false},"excerpt":{"rendered":"<p>Le Site est actuellement en construction. Merci pour votre patience. En attendant &#8230; Vous pouvez jeter un oeil \u00e0 notre page Facebook et Instagram Pour r\u00e9server cliquez sur le lien suivant : Vous pouvez nous contacter par mail evasion.studio974@gmail.com ou par t\u00e9l\u00e9phone au 0693538804<\/p>\n","protected":false},"author":1,"featured_media":104,"parent":0,"menu_order":0,"comment_status":"closed","ping_status":"closed","template":"page-no-title","meta":{"footnotes":""},"class_list":["post-26","page","type-page","status-publish","has-post-thumbnail","hentry"],"jetpack_sharing_enabled":true,"_links":{"self":[{"href":"https:\/\/evasionstudio.com\/index.php?rest_route=\/wp\/v2\/pages\/26","targetHints":{"allow":["GET"]}}],"collection":[{"href":"https:\/\/evasionstudio.com\/index.php?rest_route=\/wp\/v2\/pages"}],"about":[{"href":"https:\/\/evasionstudio.com\/index.php?rest_route=\/wp\/v2\/types\/page"}],"author":[{"embeddable":true,"href":"https:\/\/evasionstudio.com\/index.php?rest_route=\/wp\/v2\/users\/1"}],"replies":[{"embeddable":true,"href":"https:\/\/evasionstudio.com\/index.php?rest_route=%2Fwp%2Fv2%2Fcomments&post=26"}],"version-history":[{"count":13,"href":"https:\/\/evasionstudio.com\/index.php?rest_route=\/wp\/v2\/pages\/26\/revisions"}],"predecessor-version":[{"id":276,"href":"https:\/\/evasionstudio.com\/index.php?rest_route=\/wp\/v2\/pages\/26\/revisions\/276"}],"wp:featuredmedia":[{"embeddable":true,"href":"https:\/\/evasionstudio.com\/index.php?rest_route=\/wp\/v2\/media\/104"}],"wp:attachment":[{"href":"https:\/\/evasionstudio.com\/index.php?rest_route=%2Fwp%2Fv2%2Fmedia&parent=26"}],"curies":[{"name":"wp","href":"https:\/\/api.w.org\/{rel}","templated":true}]}}