{"id":265,"date":"2026-03-30T21:23:49","date_gmt":"2026-03-30T21:23:49","guid":{"rendered":"https:\/\/evasionstudio.com\/?page_id=265"},"modified":"2026-03-30T21:53:29","modified_gmt":"2026-03-30T21:53:29","slug":"evenements","status":"publish","type":"page","link":"https:\/\/evasionstudio.com\/?page_id=265","title":{"rendered":"\u00c9v\u00e9nements"},"content":{"rendered":"\n<hr class=\"wp-block-separator has-alpha-channel-opacity\"\/>\n\n\n\n<div class=\"wp-block-group alignfull has-global-padding is-layout-constrained wp-container-core-group-is-layout-190373c5 wp-block-group-is-layout-constrained\" style=\"margin-top:0;margin-bottom:0;padding-top:var(--wp--preset--spacing--50);padding-bottom:var(--wp--preset--spacing--50)\">\n<div class=\"wp-block-group alignwide has-global-padding is-content-justification-left is-layout-constrained wp-container-core-group-is-layout-12dd3699 wp-block-group-is-layout-constrained\">\n<p>Voici quelques-uns des \u00e9v\u00e8nements \u00e0 venir.<\/p>\n<\/div>\n\n\n\n<div class=\"wp-block-columns alignwide is-layout-flex wp-container-core-columns-is-layout-cdebebb7 wp-block-columns-is-layout-flex\" style=\"padding-top:0;padding-bottom:0\">\n<div class=\"wp-block-column is-layout-flow wp-container-core-column-is-layout-8ad66c59 wp-block-column-is-layout-flow\" style=\"padding-top:var(--wp--preset--spacing--70)\">\n<figure class=\"wp-block-image size-full\"><img loading=\"lazy\" decoding=\"async\" width=\"1121\" height=\"1650\" src=\"https:\/\/evasionstudio.com\/wp-content\/uploads\/2026\/03\/IMG_1671.jpg\" alt=\"\" class=\"wp-image-266\" srcset=\"https:\/\/evasionstudio.com\/wp-content\/uploads\/2026\/03\/IMG_1671.jpg 1121w, https:\/\/evasionstudio.com\/wp-content\/uploads\/2026\/03\/IMG_1671-204x300.jpg 204w, https:\/\/evasionstudio.com\/wp-content\/uploads\/2026\/03\/IMG_1671-696x1024.jpg 696w, https:\/\/evasionstudio.com\/wp-content\/uploads\/2026\/03\/IMG_1671-768x1130.jpg 768w, https:\/\/evasionstudio.com\/wp-content\/uploads\/2026\/03\/IMG_1671-1044x1536.jpg 1044w, https:\/\/evasionstudio.com\/wp-content\/uploads\/2026\/03\/IMG_1671-600x883.jpg 600w\" sizes=\"auto, (max-width: 1121px) 100vw, 1121px\" \/><figcaption class=\"wp-element-caption\">Screenshot<\/figcaption><\/figure>\n\n\n\n<div class=\"wp-block-group is-vertical is-layout-flex wp-container-core-group-is-layout-971a3e1f wp-block-group-is-layout-flex\" style=\"padding-top:var(--wp--preset--spacing--30)\">\n<h3 class=\"wp-block-heading\" style=\"padding-top:var(--wp--preset--spacing--20)\">Championnat Interr\u00e9gionnal R\u00e9union\/Polyn\u00e9sie<\/h3>\n\n\n\n<p class=\"has-accent-4-color has-text-color has-link-color has-medium-font-size wp-elements-e32401658564660d6bb258b9b81afa09\">Samedi 18 avril \u00e0 14h00 <\/p>\n\n\n\n<p style=\"padding-top:var(--wp--preset--spacing--40)\">Espace culturel Guy Agenor \u00e0 La plaine des palmistes <\/p>\n<\/div>\n<\/div>\n\n\n\n<div class=\"wp-block-column is-layout-flow wp-container-core-column-is-layout-8ad66c59 wp-block-column-is-layout-flow\" style=\"padding-top:var(--wp--preset--spacing--70)\">\n<figure class=\"wp-block-image size-full\"><img loading=\"lazy\" decoding=\"async\" width=\"1024\" height=\"1536\" src=\"https:\/\/evasionstudio.com\/wp-content\/uploads\/2026\/03\/ChatGPT-Image-31-mars-2026-a-01_49_08.png\" alt=\"\" class=\"wp-image-270\" srcset=\"https:\/\/evasionstudio.com\/wp-content\/uploads\/2026\/03\/ChatGPT-Image-31-mars-2026-a-01_49_08.png 1024w, https:\/\/evasionstudio.com\/wp-content\/uploads\/2026\/03\/ChatGPT-Image-31-mars-2026-a-01_49_08-200x300.png 200w, https:\/\/evasionstudio.com\/wp-content\/uploads\/2026\/03\/ChatGPT-Image-31-mars-2026-a-01_49_08-683x1024.png 683w, https:\/\/evasionstudio.com\/wp-content\/uploads\/2026\/03\/ChatGPT-Image-31-mars-2026-a-01_49_08-768x1152.png 768w, https:\/\/evasionstudio.com\/wp-content\/uploads\/2026\/03\/ChatGPT-Image-31-mars-2026-a-01_49_08-600x900.png 600w\" sizes=\"auto, (max-width: 1024px) 100vw, 1024px\" \/><\/figure>\n\n\n\n<div class=\"wp-block-group is-vertical is-layout-flex wp-container-core-group-is-layout-971a3e1f wp-block-group-is-layout-flex\" style=\"padding-top:var(--wp--preset--spacing--30)\">\n<h3 class=\"wp-block-heading\" style=\"padding-top:var(--wp--preset--spacing--20)\">Spectacle de Fin d&rsquo;ann\u00e9e<\/h3>\n\n\n\n<p class=\"has-accent-4-color has-text-color has-link-color has-medium-font-size wp-elements-432ec8a54b5e511213e5198ac6385a12\">Dimanche 21 juin 2026 \u00e0 18h30<\/p>\n<\/div>\n\n\n\n<p style=\"padding-top:var(--wp--preset--spacing--40)\">La cit\u00e9 des Arts<\/p>\n<\/div>\n<\/div>\n<\/div>\n","protected":false},"excerpt":{"rendered":"<p>Voici quelques-uns des \u00e9v\u00e8nements \u00e0 venir. Championnat Interr\u00e9gionnal R\u00e9union\/Polyn\u00e9sie Samedi 18 avril \u00e0 14h00 Espace culturel Guy Agenor \u00e0 La plaine des palmistes Spectacle de Fin d&rsquo;ann\u00e9e Dimanche 21 juin 2026 \u00e0 18h30 La cit\u00e9 des Arts<\/p>\n","protected":false},"author":1,"featured_media":0,"parent":0,"menu_order":0,"comment_status":"closed","ping_status":"closed","template":"","meta":{"footnotes":""},"class_list":["post-265","page","type-page","status-publish","hentry"],"jetpack_sharing_enabled":true,"_links":{"self":[{"href":"https:\/\/evasionstudio.com\/index.php?rest_route=\/wp\/v2\/pages\/265","targetHints":{"allow":["GET"]}}],"collection":[{"href":"https:\/\/evasionstudio.com\/index.php?rest_route=\/wp\/v2\/pages"}],"about":[{"href":"https:\/\/evasionstudio.com\/index.php?rest_route=\/wp\/v2\/types\/page"}],"author":[{"embeddable":true,"href":"https:\/\/evasionstudio.com\/index.php?rest_route=\/wp\/v2\/users\/1"}],"replies":[{"embeddable":true,"href":"https:\/\/evasionstudio.com\/index.php?rest_route=%2Fwp%2Fv2%2Fcomments&post=265"}],"version-history":[{"count":4,"href":"https:\/\/evasionstudio.com\/index.php?rest_route=\/wp\/v2\/pages\/265\/revisions"}],"predecessor-version":[{"id":272,"href":"https:\/\/evasionstudio.com\/index.php?rest_route=\/wp\/v2\/pages\/265\/revisions\/272"}],"wp:attachment":[{"href":"https:\/\/evasionstudio.com\/index.php?rest_route=%2Fwp%2Fv2%2Fmedia&parent=265"}],"curies":[{"name":"wp","href":"https:\/\/api.w.org\/{rel}","templated":true}]}}