{"id":80,"date":"2026-03-25T21:07:09","date_gmt":"2026-03-25T21:07:09","guid":{"rendered":"https:\/\/evasionstudio.com\/?page_id=80"},"modified":"2026-03-30T20:47:03","modified_gmt":"2026-03-30T20:47:03","slug":"notre-ecole","status":"publish","type":"page","link":"https:\/\/evasionstudio.com\/?page_id=80","title":{"rendered":"Notre \u00e9cole"},"content":{"rendered":"\n<div class=\"wp-block-columns is-layout-flex wp-container-core-columns-is-layout-28f84493 wp-block-columns-is-layout-flex\">\n<div class=\"wp-block-column is-layout-flow wp-block-column-is-layout-flow\" style=\"padding-top:0;padding-bottom:0;flex-basis:100%\">\n<div class=\"wp-block-columns is-layout-flex wp-container-core-columns-is-layout-28f84493 wp-block-columns-is-layout-flex\">\n<div class=\"wp-block-column is-layout-flow wp-block-column-is-layout-flow\" style=\"flex-basis:100%\">\n<div class=\"wp-block-group alignfull has-global-padding is-layout-constrained wp-block-group-is-layout-constrained\">\n<figure class=\"wp-block-gallery has-nested-images columns-5 is-cropped wp-block-gallery-1 is-layout-flex wp-block-gallery-is-layout-flex\">\n<figure class=\"wp-block-image size-large\"><img loading=\"lazy\" decoding=\"async\" width=\"768\" height=\"1024\" data-id=\"111\" src=\"https:\/\/evasionstudio.com\/wp-content\/uploads\/2026\/03\/IMG_5219-768x1024.jpg\" alt=\"\" class=\"wp-image-111\" srcset=\"https:\/\/evasionstudio.com\/wp-content\/uploads\/2026\/03\/IMG_5219-768x1024.jpg 768w, https:\/\/evasionstudio.com\/wp-content\/uploads\/2026\/03\/IMG_5219-225x300.jpg 225w, https:\/\/evasionstudio.com\/wp-content\/uploads\/2026\/03\/IMG_5219-1152x1536.jpg 1152w, https:\/\/evasionstudio.com\/wp-content\/uploads\/2026\/03\/IMG_5219-1536x2048.jpg 1536w, https:\/\/evasionstudio.com\/wp-content\/uploads\/2026\/03\/IMG_5219-600x800.jpg 600w, https:\/\/evasionstudio.com\/wp-content\/uploads\/2026\/03\/IMG_5219-scaled.jpg 1920w\" sizes=\"auto, (max-width: 768px) 100vw, 768px\" \/><\/figure>\n\n\n\n<figure class=\"wp-block-image size-large\"><img loading=\"lazy\" decoding=\"async\" width=\"819\" height=\"1024\" data-id=\"116\" src=\"https:\/\/evasionstudio.com\/wp-content\/uploads\/2026\/03\/DSC01201-Enhanced-NR-819x1024.jpg\" alt=\"\" class=\"wp-image-116\" srcset=\"https:\/\/evasionstudio.com\/wp-content\/uploads\/2026\/03\/DSC01201-Enhanced-NR-819x1024.jpg 819w, https:\/\/evasionstudio.com\/wp-content\/uploads\/2026\/03\/DSC01201-Enhanced-NR-240x300.jpg 240w, https:\/\/evasionstudio.com\/wp-content\/uploads\/2026\/03\/DSC01201-Enhanced-NR-768x960.jpg 768w, https:\/\/evasionstudio.com\/wp-content\/uploads\/2026\/03\/DSC01201-Enhanced-NR-1229x1536.jpg 1229w, https:\/\/evasionstudio.com\/wp-content\/uploads\/2026\/03\/DSC01201-Enhanced-NR-1638x2048.jpg 1638w, https:\/\/evasionstudio.com\/wp-content\/uploads\/2026\/03\/DSC01201-Enhanced-NR-600x750.jpg 600w, https:\/\/evasionstudio.com\/wp-content\/uploads\/2026\/03\/DSC01201-Enhanced-NR-scaled.jpg 2048w\" sizes=\"auto, (max-width: 819px) 100vw, 819px\" \/><\/figure>\n\n\n\n<figure class=\"wp-block-image size-large\"><img loading=\"lazy\" decoding=\"async\" width=\"576\" height=\"1024\" data-id=\"115\" src=\"https:\/\/evasionstudio.com\/wp-content\/uploads\/2026\/03\/salon-22-576x1024.jpg\" alt=\"\" class=\"wp-image-115\" srcset=\"https:\/\/evasionstudio.com\/wp-content\/uploads\/2026\/03\/salon-22-576x1024.jpg 576w, https:\/\/evasionstudio.com\/wp-content\/uploads\/2026\/03\/salon-22-169x300.jpg 169w, https:\/\/evasionstudio.com\/wp-content\/uploads\/2026\/03\/salon-22-768x1365.jpg 768w, https:\/\/evasionstudio.com\/wp-content\/uploads\/2026\/03\/salon-22-864x1536.jpg 864w, https:\/\/evasionstudio.com\/wp-content\/uploads\/2026\/03\/salon-22-1152x2048.jpg 1152w, https:\/\/evasionstudio.com\/wp-content\/uploads\/2026\/03\/salon-22-600x1067.jpg 600w, https:\/\/evasionstudio.com\/wp-content\/uploads\/2026\/03\/salon-22-scaled.jpg 1440w\" sizes=\"auto, (max-width: 576px) 100vw, 576px\" \/><\/figure>\n\n\n\n<figure class=\"wp-block-image size-large\"><img loading=\"lazy\" decoding=\"async\" width=\"739\" height=\"1024\" data-id=\"120\" src=\"https:\/\/evasionstudio.com\/wp-content\/uploads\/2026\/03\/equipe-noir-et-blanc-3-739x1024.jpg\" alt=\"\" class=\"wp-image-120\" srcset=\"https:\/\/evasionstudio.com\/wp-content\/uploads\/2026\/03\/equipe-noir-et-blanc-3-739x1024.jpg 739w, https:\/\/evasionstudio.com\/wp-content\/uploads\/2026\/03\/equipe-noir-et-blanc-3-216x300.jpg 216w, https:\/\/evasionstudio.com\/wp-content\/uploads\/2026\/03\/equipe-noir-et-blanc-3-768x1064.jpg 768w, https:\/\/evasionstudio.com\/wp-content\/uploads\/2026\/03\/equipe-noir-et-blanc-3-scaled.jpg 1847w\" sizes=\"auto, (max-width: 739px) 100vw, 739px\" \/><\/figure>\n\n\n\n<figure class=\"wp-block-image size-large\"><img loading=\"lazy\" decoding=\"async\" width=\"819\" height=\"1024\" data-id=\"112\" src=\"https:\/\/evasionstudio.com\/wp-content\/uploads\/2026\/03\/DSC01243-1-819x1024.jpg\" alt=\"\" class=\"wp-image-112\" srcset=\"https:\/\/evasionstudio.com\/wp-content\/uploads\/2026\/03\/DSC01243-1-819x1024.jpg 819w, https:\/\/evasionstudio.com\/wp-content\/uploads\/2026\/03\/DSC01243-1-240x300.jpg 240w, https:\/\/evasionstudio.com\/wp-content\/uploads\/2026\/03\/DSC01243-1-768x960.jpg 768w, https:\/\/evasionstudio.com\/wp-content\/uploads\/2026\/03\/DSC01243-1-1229x1536.jpg 1229w, https:\/\/evasionstudio.com\/wp-content\/uploads\/2026\/03\/DSC01243-1-1638x2048.jpg 1638w, https:\/\/evasionstudio.com\/wp-content\/uploads\/2026\/03\/DSC01243-1-600x750.jpg 600w, https:\/\/evasionstudio.com\/wp-content\/uploads\/2026\/03\/DSC01243-1-scaled.jpg 2048w\" sizes=\"auto, (max-width: 819px) 100vw, 819px\" \/><\/figure>\n<\/figure>\n<\/div>\n<\/div>\n<\/div>\n<\/div>\n<\/div>\n\n\n\n<div class=\"wp-block-columns is-layout-flex wp-container-core-columns-is-layout-28f84493 wp-block-columns-is-layout-flex\">\n<div class=\"wp-block-column is-layout-flow wp-block-column-is-layout-flow\">\n<p>Bienvenue \u00e0 \u00c9vasion Studio, votre havre de bien-\u00eatre et d&rsquo;expression artistique o\u00f9 la danse devient une source de joie, de croissance personnelle et de connexion humaine. Au c\u0153ur de notre \u00e9cole, nous cultivons une atmosph\u00e8re o\u00f9 le bien-\u00eatre, la convivialit\u00e9 et la famille sont au centre de tout ce que nous faisons.<\/p>\n<\/div>\n\n\n\n<div class=\"wp-block-column is-layout-flow wp-block-column-is-layout-flow\">\n<p>Chez \u00c9vasion Studio, nous croyons en la puissance du mouvement pour nourrir le corps, apaiser l&rsquo;esprit et \u00e9panouir l&rsquo;\u00e2me. Notre programme diversifi\u00e9 comprend des cours de pole dance, de danse orientale, de danse chor\u00e9graphique, de  souplesse, offrant ainsi \u00e0 nos \u00e9l\u00e8ves une palette riche et vari\u00e9e pour explorer leur potentiel physique et artistique.<\/p>\n<\/div>\n\n\n\n<div class=\"wp-block-column is-layout-flow wp-block-column-is-layout-flow\">\n<p>Nous sommes une communaut\u00e9 o\u00f9 chacun est encourag\u00e9 \u00e0 \u00e9voluer \u00e0 son propre rythme, sans jugement ni pression. Que vous soyez d\u00e9butant ou exp\u00e9riment\u00e9, nos professeures passionn\u00e9es et attentionn\u00e9es sont l\u00e0 pour vous guider \u00e0 chaque \u00e9tape de votre parcours, vous aidant \u00e0 d\u00e9couvrir vos forces, \u00e0 surmonter vos d\u00e9fis et \u00e0 atteindre vos objectifs personnels.<\/p>\n<\/div>\n<\/div>\n\n\n\n<div class=\"wp-block-jetpack-tiled-gallery aligncenter is-style-rectangular\"><div class=\"\"><div class=\"tiled-gallery__gallery\"><div class=\"tiled-gallery__row\"><div class=\"tiled-gallery__col\" style=\"flex-basis:50.00000%\"><figure class=\"tiled-gallery__item\"><img decoding=\"async\" srcset=\"https:\/\/i0.wp.com\/evasionstudio.com\/wp-content\/uploads\/2026\/03\/BMP01958-1-1024x683.jpg?strip=info&#038;w=600&#038;ssl=1 600w,https:\/\/i0.wp.com\/evasionstudio.com\/wp-content\/uploads\/2026\/03\/BMP01958-1-1024x683.jpg?strip=info&#038;w=900&#038;ssl=1 900w,https:\/\/i0.wp.com\/evasionstudio.com\/wp-content\/uploads\/2026\/03\/BMP01958-1-1024x683.jpg?strip=info&#038;w=1200&#038;ssl=1 1200w,https:\/\/i0.wp.com\/evasionstudio.com\/wp-content\/uploads\/2026\/03\/BMP01958-1-1024x683.jpg?strip=info&#038;w=1500&#038;ssl=1 1500w,https:\/\/i0.wp.com\/evasionstudio.com\/wp-content\/uploads\/2026\/03\/BMP01958-1-1024x683.jpg?strip=info&#038;w=1800&#038;ssl=1 1800w,https:\/\/i0.wp.com\/evasionstudio.com\/wp-content\/uploads\/2026\/03\/BMP01958-1-1024x683.jpg?strip=info&#038;w=2000&#038;ssl=1 2000w\" alt=\"\" data-height=\"1707\" data-id=\"122\" data-link=\"https:\/\/evasionstudio.com\/?attachment_id=122\" data-url=\"https:\/\/evasionstudio.com\/wp-content\/uploads\/2026\/03\/BMP01958-1-1024x683.jpg\" data-width=\"2560\" src=\"https:\/\/i0.wp.com\/evasionstudio.com\/wp-content\/uploads\/2026\/03\/BMP01958-1-1024x683.jpg?ssl=1\" data-amp-layout=\"responsive\"\/><\/figure><\/div><div class=\"tiled-gallery__col\" style=\"flex-basis:50.00000%\"><figure class=\"tiled-gallery__item\"><img decoding=\"async\" srcset=\"https:\/\/i0.wp.com\/evasionstudio.com\/wp-content\/uploads\/2026\/03\/BMP00157-1024x683.jpg?strip=info&#038;w=600&#038;ssl=1 600w,https:\/\/i0.wp.com\/evasionstudio.com\/wp-content\/uploads\/2026\/03\/BMP00157-1024x683.jpg?strip=info&#038;w=900&#038;ssl=1 900w,https:\/\/i0.wp.com\/evasionstudio.com\/wp-content\/uploads\/2026\/03\/BMP00157-1024x683.jpg?strip=info&#038;w=1200&#038;ssl=1 1200w,https:\/\/i0.wp.com\/evasionstudio.com\/wp-content\/uploads\/2026\/03\/BMP00157-1024x683.jpg?strip=info&#038;w=1500&#038;ssl=1 1500w,https:\/\/i0.wp.com\/evasionstudio.com\/wp-content\/uploads\/2026\/03\/BMP00157-1024x683.jpg?strip=info&#038;w=1800&#038;ssl=1 1800w,https:\/\/i0.wp.com\/evasionstudio.com\/wp-content\/uploads\/2026\/03\/BMP00157-1024x683.jpg?strip=info&#038;w=2000&#038;ssl=1 2000w\" alt=\"\" data-height=\"1707\" data-id=\"109\" data-link=\"https:\/\/evasionstudio.com\/?attachment_id=109\" data-url=\"https:\/\/evasionstudio.com\/wp-content\/uploads\/2026\/03\/BMP00157-1024x683.jpg\" data-width=\"2560\" src=\"https:\/\/i0.wp.com\/evasionstudio.com\/wp-content\/uploads\/2026\/03\/BMP00157-1024x683.jpg?ssl=1\" data-amp-layout=\"responsive\"\/><\/figure><\/div><\/div><\/div><\/div><\/div>\n\n\n\n<p class=\"has-text-align-center\">Pour ceux qui aspirent \u00e0 relever de nouveaux d\u00e9fis, nous offrons l&rsquo;opportunit\u00e9 de participer \u00e0 des comp\u00e9titions, o\u00f9 vous pourrez tester vos comp\u00e9tences, repousser vos limites et c\u00e9l\u00e9brer vos r\u00e9ussites avec le soutien de toute la communaut\u00e9 \u00c9vasion. <\/p>\n\n\n\n<div class=\"wp-block-group is-nowrap is-layout-flex wp-container-core-group-is-layout-6c531013 wp-block-group-is-layout-flex\">\n<div class=\"wp-block-group is-nowrap is-layout-flex wp-container-core-group-is-layout-6c531013 wp-block-group-is-layout-flex\">\n<figure class=\"wp-block-image size-full\"><img loading=\"lazy\" decoding=\"async\" width=\"2560\" height=\"1707\" src=\"https:\/\/evasionstudio.com\/wp-content\/uploads\/2026\/03\/1-124-sur-135-1-scaled.jpg\" alt=\"\" class=\"wp-image-108\" style=\"object-fit:cover\" srcset=\"https:\/\/evasionstudio.com\/wp-content\/uploads\/2026\/03\/1-124-sur-135-1-scaled.jpg 2560w, https:\/\/evasionstudio.com\/wp-content\/uploads\/2026\/03\/1-124-sur-135-1-300x200.jpg 300w, https:\/\/evasionstudio.com\/wp-content\/uploads\/2026\/03\/1-124-sur-135-1-1024x683.jpg 1024w, https:\/\/evasionstudio.com\/wp-content\/uploads\/2026\/03\/1-124-sur-135-1-768x512.jpg 768w\" sizes=\"auto, (max-width: 2560px) 100vw, 2560px\" \/><\/figure>\n<\/div>\n<\/div>\n\n\n\n<p class=\"has-text-align-center\">Rejoignez-nous \u00e0 \u00c9vasion Studio, o\u00f9 chaque mouvement est une c\u00e9l\u00e9bration de la vie, o\u00f9 chaque cours est une occasion de grandir et de s&rsquo;\u00e9panouir, et o\u00f9 chaque \u00e9l\u00e8ve est accueilli dans la famille \u00c9vasion avec amour et bienveillance. Venez vivre l&rsquo;exp\u00e9rience \u00c9vasion Studio et laissez-nous vous aider \u00e0 r\u00e9aliser vos r\u00eaves de danse et de bien-\u00eatre.<\/p>\n\n\n\n<figure class=\"wp-block-gallery alignwide has-nested-images columns-default is-cropped wp-block-gallery-2 is-layout-flex wp-block-gallery-is-layout-flex\">\n<figure class=\"wp-block-image size-large\"><img loading=\"lazy\" decoding=\"async\" width=\"768\" height=\"1024\" data-id=\"129\" src=\"https:\/\/evasionstudio.com\/wp-content\/uploads\/2026\/03\/IMG_3226-1-768x1024.jpg\" alt=\"\" class=\"wp-image-129\" srcset=\"https:\/\/evasionstudio.com\/wp-content\/uploads\/2026\/03\/IMG_3226-1-768x1024.jpg 768w, https:\/\/evasionstudio.com\/wp-content\/uploads\/2026\/03\/IMG_3226-1-225x300.jpg 225w, https:\/\/evasionstudio.com\/wp-content\/uploads\/2026\/03\/IMG_3226-1-1152x1536.jpg 1152w, https:\/\/evasionstudio.com\/wp-content\/uploads\/2026\/03\/IMG_3226-1-1536x2048.jpg 1536w, https:\/\/evasionstudio.com\/wp-content\/uploads\/2026\/03\/IMG_3226-1-600x800.jpg 600w, https:\/\/evasionstudio.com\/wp-content\/uploads\/2026\/03\/IMG_3226-1-scaled.jpg 1920w\" sizes=\"auto, (max-width: 768px) 100vw, 768px\" \/><\/figure>\n\n\n\n<figure class=\"wp-block-image size-large\"><img loading=\"lazy\" decoding=\"async\" width=\"1024\" height=\"768\" data-id=\"128\" src=\"https:\/\/evasionstudio.com\/wp-content\/uploads\/2026\/03\/IMG_3225-1-1024x768.jpg\" alt=\"\" class=\"wp-image-128\" srcset=\"https:\/\/evasionstudio.com\/wp-content\/uploads\/2026\/03\/IMG_3225-1-1024x768.jpg 1024w, https:\/\/evasionstudio.com\/wp-content\/uploads\/2026\/03\/IMG_3225-1-300x225.jpg 300w, https:\/\/evasionstudio.com\/wp-content\/uploads\/2026\/03\/IMG_3225-1-768x576.jpg 768w, https:\/\/evasionstudio.com\/wp-content\/uploads\/2026\/03\/IMG_3225-1-1536x1152.jpg 1536w, https:\/\/evasionstudio.com\/wp-content\/uploads\/2026\/03\/IMG_3225-1-2048x1536.jpg 2048w, https:\/\/evasionstudio.com\/wp-content\/uploads\/2026\/03\/IMG_3225-1-600x450.jpg 600w\" sizes=\"auto, (max-width: 1024px) 100vw, 1024px\" \/><\/figure>\n\n\n\n<figure class=\"wp-block-image size-large\"><img loading=\"lazy\" decoding=\"async\" width=\"768\" height=\"1024\" data-id=\"132\" src=\"https:\/\/evasionstudio.com\/wp-content\/uploads\/2026\/03\/IMG_3229-1-768x1024.jpg\" alt=\"\" class=\"wp-image-132\" srcset=\"https:\/\/evasionstudio.com\/wp-content\/uploads\/2026\/03\/IMG_3229-1-768x1024.jpg 768w, https:\/\/evasionstudio.com\/wp-content\/uploads\/2026\/03\/IMG_3229-1-225x300.jpg 225w, https:\/\/evasionstudio.com\/wp-content\/uploads\/2026\/03\/IMG_3229-1-1152x1536.jpg 1152w, https:\/\/evasionstudio.com\/wp-content\/uploads\/2026\/03\/IMG_3229-1-1536x2048.jpg 1536w, https:\/\/evasionstudio.com\/wp-content\/uploads\/2026\/03\/IMG_3229-1-600x800.jpg 600w, https:\/\/evasionstudio.com\/wp-content\/uploads\/2026\/03\/IMG_3229-1-scaled.jpg 1920w\" sizes=\"auto, (max-width: 768px) 100vw, 768px\" \/><\/figure>\n\n\n\n<figure class=\"wp-block-image size-large\"><img loading=\"lazy\" decoding=\"async\" width=\"768\" height=\"1024\" data-id=\"130\" src=\"https:\/\/evasionstudio.com\/wp-content\/uploads\/2026\/03\/IMG_3227-768x1024.jpg\" alt=\"\" class=\"wp-image-130\" srcset=\"https:\/\/evasionstudio.com\/wp-content\/uploads\/2026\/03\/IMG_3227-768x1024.jpg 768w, https:\/\/evasionstudio.com\/wp-content\/uploads\/2026\/03\/IMG_3227-225x300.jpg 225w, https:\/\/evasionstudio.com\/wp-content\/uploads\/2026\/03\/IMG_3227-1152x1536.jpg 1152w, https:\/\/evasionstudio.com\/wp-content\/uploads\/2026\/03\/IMG_3227-1536x2048.jpg 1536w, https:\/\/evasionstudio.com\/wp-content\/uploads\/2026\/03\/IMG_3227-600x800.jpg 600w, https:\/\/evasionstudio.com\/wp-content\/uploads\/2026\/03\/IMG_3227-scaled.jpg 1920w\" sizes=\"auto, (max-width: 768px) 100vw, 768px\" \/><\/figure>\n\n\n\n<figure class=\"wp-block-image size-large\"><img loading=\"lazy\" decoding=\"async\" width=\"1920\" height=\"2560\" data-id=\"131\" src=\"https:\/\/evasionstudio.com\/wp-content\/uploads\/2026\/03\/IMG_3228-scaled.jpg\" alt=\"\" class=\"wp-image-131\" srcset=\"https:\/\/evasionstudio.com\/wp-content\/uploads\/2026\/03\/IMG_3228-scaled.jpg 1920w, https:\/\/evasionstudio.com\/wp-content\/uploads\/2026\/03\/IMG_3228-225x300.jpg 225w\" sizes=\"auto, (max-width: 1920px) 100vw, 1920px\" \/><\/figure>\n<\/figure>\n\n\n\n<p class=\"has-text-align-center\">Nous pouvons accueillir 12 \u00e9l\u00e8ves dans chaque cours. <\/p>\n\n\n\n<h2 class=\"wp-block-heading alignwide\">Le mot des directeurs <\/h2>\n\n\n\n<p class=\"has-text-align-center\">Je suis Anne Sophie, originaire de l\u2019Est de l\u2019ile, j\u2019ai un parcours essentiellement commercial avec des dipl\u00f4mes et exp\u00e9riences dans le commerce. J\u2019ai d\u00e9but\u00e9 dans la vie active \u00e0 16 ans et \u00e9t\u00e9 commerciale dans plusieurs entreprises leader de la R\u00e9union dans divers domaines.&nbsp;<\/p>\n\n\n\n<p class=\"has-text-align-center\">J\u2019ai commenc\u00e9 mon voyage artistique avec Anastasia, il y a quelques ann\u00e9es \u00e0 la Pole, o\u00f9 j\u2019ai d\u00e9couvert un univers qui m\u2019a totalement plu. Le d\u00e9passement de soi, la reconnexion avec mes capacit\u00e9s physiques m\u2019ont conduit dans le chemin de la reconversion professionnelle pour m\u2019orienter vers le sport et le bien-\u00eatre. J\u2019ai donc d\u00e9cid\u00e9 de pr\u00e9parer un CQP afin d\u2019officialiser ma reconversion.&nbsp;<\/p>\n\n\n\n<p class=\"has-text-align-center\">Il y a 2 ans maintenant j\u2019ai commenc\u00e9 mon second voyage a\u00e9rien au studio Konnection&nbsp;: le cerceau o\u00f9 j\u2019ai pu \u00e9galement d\u00e9couvrir l\u2019univers du spectacle et v\u00e9cus des moments intenses sur sc\u00e8ne.&nbsp;<\/p>\n\n\n\n<p class=\"has-text-align-center\">Ces moments je les ai partag\u00e9s avec Alexandre, mon mari, ce qui donne une nouvelle saveur \u00e0 mon voyage artistique.&nbsp;<\/p>\n\n\n\n<p class=\"has-text-align-center\">Anastasia l\u2019ancienne directrice d\u00e9cide en 2023 de s\u2019envoler pour de nouvelles aventures et de nous passer le flambeau, il nous a paru logique de continuer ces aventures mais cette fois-ci en duo, dans la vie professionnelle, personnelle et artistique.&nbsp;<\/p>\n\n\n\n<p class=\"has-text-align-center\">Nous sommes tr\u00e8s heureux d\u2019apporter notre touche, nos id\u00e9es mais surtout de continuer le travail de l\u2019ancienne directrice.&nbsp;<\/p>\n\n\n\n<p class=\"has-text-align-center\">Nous souhaitons dans notre \u00e9cole promouvoir le d\u00e9passement de soi, l\u2019\u00e9panouissement, dans le respect de chacun, diversifier les activit\u00e9s propos\u00e9es, nous voulons proposer un endroit o\u00f9 chacun trouve sa place et se sente \u00e0 l\u2019aise.<\/p>\n\n\n\n<p class=\"has-text-align-center\">Nous avons beaucoup d\u2019id\u00e9es et de projets pour le studio et nous avons h\u00e2tes de vivre tous ces moments avec nos \u00e9l\u00e8ves.&nbsp;<\/p>\n\n\n\n<figure class=\"wp-block-image size-full\"><img decoding=\"async\" src=\"https:\/\/evasionstudio.com\/wp-content\/uploads\/2026\/03\/DSC02913-Enhanced-NR-Edit.jpg\" alt=\"\" class=\"wp-image-137\"\/><\/figure>\n","protected":false},"excerpt":{"rendered":"<p>Bienvenue \u00e0 \u00c9vasion Studio, votre havre de bien-\u00eatre et d&rsquo;expression artistique o\u00f9 la danse devient une source de joie, de croissance personnelle et de connexion humaine. Au c\u0153ur de notre \u00e9cole, nous cultivons une atmosph\u00e8re o\u00f9 le bien-\u00eatre, la convivialit\u00e9 et la famille sont au centre de tout ce que nous faisons. Chez \u00c9vasion Studio, [&hellip;]<\/p>\n","protected":false},"author":1,"featured_media":0,"parent":0,"menu_order":0,"comment_status":"closed","ping_status":"closed","template":"","meta":{"footnotes":""},"class_list":["post-80","page","type-page","status-publish","hentry"],"jetpack_sharing_enabled":true,"_links":{"self":[{"href":"https:\/\/evasionstudio.com\/index.php?rest_route=\/wp\/v2\/pages\/80","targetHints":{"allow":["GET"]}}],"collection":[{"href":"https:\/\/evasionstudio.com\/index.php?rest_route=\/wp\/v2\/pages"}],"about":[{"href":"https:\/\/evasionstudio.com\/index.php?rest_route=\/wp\/v2\/types\/page"}],"author":[{"embeddable":true,"href":"https:\/\/evasionstudio.com\/index.php?rest_route=\/wp\/v2\/users\/1"}],"replies":[{"embeddable":true,"href":"https:\/\/evasionstudio.com\/index.php?rest_route=%2Fwp%2Fv2%2Fcomments&post=80"}],"version-history":[{"count":17,"href":"https:\/\/evasionstudio.com\/index.php?rest_route=\/wp\/v2\/pages\/80\/revisions"}],"predecessor-version":[{"id":256,"href":"https:\/\/evasionstudio.com\/index.php?rest_route=\/wp\/v2\/pages\/80\/revisions\/256"}],"wp:attachment":[{"href":"https:\/\/evasionstudio.com\/index.php?rest_route=%2Fwp%2Fv2%2Fmedia&parent=80"}],"curies":[{"name":"wp","href":"https:\/\/api.w.org\/{rel}","templated":true}]}}