{"id":197,"date":"2026-03-26T07:51:12","date_gmt":"2026-03-26T07:51:12","guid":{"rendered":"https:\/\/evasionstudio.com\/?post_type=product&#038;p=197"},"modified":"2026-03-26T08:11:33","modified_gmt":"2026-03-26T08:11:33","slug":"box-surprise-enfant","status":"publish","type":"product","link":"https:\/\/evasionstudio.com\/?product=box-surprise-enfant","title":{"rendered":"Box surprise enfant"},"content":{"rendered":"<p data-start=\"375\" data-end=\"629\">Offrez une box compl\u00e8te, utile et pleine de petites attentions avec notre <strong data-start=\"449\" data-end=\"477\">Box Enfant personnalis\u00e9e<\/strong>.<br data-start=\"478\" data-end=\"481\" \/>Pens\u00e9e pour faire plaisir tout en restant pratique, cette box r\u00e9unit plusieurs accessoires s\u00e9lectionn\u00e9s avec soin, dans une formule id\u00e9ale \u00e0 offrir.<\/p>\n<p data-start=\"631\" data-end=\"762\">Chaque box contient des \u00e9l\u00e9ments personnalis\u00e9s et un petit cadeau surprise, pour un rendu \u00e0 la fois unique, ludique et attentionn\u00e9.<\/p>\n<h3 data-section-id=\"1avf453\" data-start=\"764\" data-end=\"785\">Contenu de la box<\/h3>\n<ul data-start=\"786\" data-end=\"939\">\n<li data-section-id=\"6jd8es\" data-start=\"786\" data-end=\"820\">1 <strong data-start=\"790\" data-end=\"820\">chiffonnette personnalis\u00e9e<\/strong><\/li>\n<li data-section-id=\"jjws1e\" data-start=\"821\" data-end=\"850\">1 <strong data-start=\"825\" data-end=\"850\">tote bag personnalis\u00e9<\/strong><\/li>\n<li data-section-id=\"4axgzm\" data-start=\"851\" data-end=\"890\">1 <strong data-start=\"855\" data-end=\"863\">grip<\/strong> <em data-start=\"864\" data-end=\"890\">(selon stock disponible)<\/em><\/li>\n<li data-section-id=\"qga7q9\" data-start=\"891\" data-end=\"915\">1 <strong data-start=\"895\" data-end=\"915\">gourde de 350 ml<\/strong><\/li>\n<li data-section-id=\"ijsd5z\" data-start=\"916\" data-end=\"939\">1 <strong data-start=\"920\" data-end=\"939\">cadeau surprise<\/strong><\/li>\n<\/ul>\n<h3 data-section-id=\"meu6vz\" data-start=\"941\" data-end=\"961\">Les points forts<\/h3>\n<ul data-start=\"962\" data-end=\"1106\">\n<li data-section-id=\"vn941o\" data-start=\"962\" data-end=\"990\">Une box <strong data-start=\"972\" data-end=\"990\">pr\u00eate \u00e0 offrir<\/strong><\/li>\n<li data-section-id=\"rdmb3v\" data-start=\"991\" data-end=\"1023\">Des articles <strong data-start=\"1006\" data-end=\"1023\">personnalis\u00e9s<\/strong><\/li>\n<li data-section-id=\"6g8s9n\" data-start=\"1024\" data-end=\"1066\">Un format pratique et utile au quotidien<\/li>\n<li data-section-id=\"omejg2\" data-start=\"1067\" data-end=\"1106\">Une id\u00e9e cadeau originale pour enfant<\/li>\n<\/ul>\n<h3 data-section-id=\"11k4fah\" data-start=\"1108\" data-end=\"1136\">Informations importantes<\/h3>\n<ul data-start=\"1137\" data-end=\"1372\">\n<li data-section-id=\"1tjwbha\" data-start=\"1137\" data-end=\"1190\">Le grip est inclus <strong data-start=\"1158\" data-end=\"1190\">selon disponibilit\u00e9 du stock<\/strong><\/li>\n<li data-section-id=\"12i3w05\" data-start=\"1191\" data-end=\"1326\">La composition peut \u00eatre ajust\u00e9e \u00e0 la marge en cas d\u2019indisponibilit\u00e9 d\u2019un article, tout en conservant l\u2019esprit et la valeur de la box<\/li>\n<li data-section-id=\"1ctwxpi\" data-start=\"1327\" data-end=\"1372\">Produit disponible en <strong data-start=\"1351\" data-end=\"1372\">retrait au studio<\/strong><\/li>\n<\/ul>\n","protected":false},"excerpt":{"rendered":"<p style=\"font-weight: 400;\">Une box cadeau pens\u00e9e pour les enfants, compos\u00e9e d\u2019accessoires utiles, personnalis\u00e9s et d\u2019une surprise. Id\u00e9ale \u00e0 offrir pour faire plaisir avec une attention originale et pratique.<\/p>\n","protected":false},"featured_media":200,"comment_status":"open","ping_status":"closed","template":"","meta":[],"product_brand":[],"product_cat":[20],"product_tag":[],"class_list":{"0":"post-197","1":"product","2":"type-product","3":"status-publish","4":"has-post-thumbnail","6":"product_cat-cadeaux","8":"first","9":"instock","10":"taxable","11":"shipping-taxable","12":"purchasable","13":"product-type-simple"},"jetpack_sharing_enabled":true,"_links":{"self":[{"href":"https:\/\/evasionstudio.com\/index.php?rest_route=\/wp\/v2\/product\/197","targetHints":{"allow":["GET"]}}],"collection":[{"href":"https:\/\/evasionstudio.com\/index.php?rest_route=\/wp\/v2\/product"}],"about":[{"href":"https:\/\/evasionstudio.com\/index.php?rest_route=\/wp\/v2\/types\/product"}],"replies":[{"embeddable":true,"href":"https:\/\/evasionstudio.com\/index.php?rest_route=%2Fwp%2Fv2%2Fcomments&post=197"}],"wp:featuredmedia":[{"embeddable":true,"href":"https:\/\/evasionstudio.com\/index.php?rest_route=\/wp\/v2\/media\/200"}],"wp:attachment":[{"href":"https:\/\/evasionstudio.com\/index.php?rest_route=%2Fwp%2Fv2%2Fmedia&parent=197"}],"wp:term":[{"taxonomy":"product_brand","embeddable":true,"href":"https:\/\/evasionstudio.com\/index.php?rest_route=%2Fwp%2Fv2%2Fproduct_brand&post=197"},{"taxonomy":"product_cat","embeddable":true,"href":"https:\/\/evasionstudio.com\/index.php?rest_route=%2Fwp%2Fv2%2Fproduct_cat&post=197"},{"taxonomy":"product_tag","embeddable":true,"href":"https:\/\/evasionstudio.com\/index.php?rest_route=%2Fwp%2Fv2%2Fproduct_tag&post=197"}],"curies":[{"name":"wp","href":"https:\/\/api.w.org\/{rel}","templated":true}]}}